{"id":19956,"date":"2025-07-21T14:40:55","date_gmt":"2025-07-21T12:40:55","guid":{"rendered":"https:\/\/anplast.md\/?post_type=product&#038;p=19956"},"modified":"2025-07-22T09:05:39","modified_gmt":"2025-07-22T07:05:39","slug":"362511-tort-czifra-belaya-vnutri","status":"publish","type":"product","link":"https:\/\/anplast.md\/ro\/produs\/362511-tort-czifra-belaya-vnutri\/","title":{"rendered":"36*25*11 \u0441\u043c (\u0442\u043e\u0440\u0442 \u0446\u0438\u0444\u0440\u0430) \u0431\u0435\u043b\u0430\u044f \u0432\u043d\u0443\u0442\u0440\u0438"},"content":{"rendered":"<p>\u041a\u043e\u0440\u043e\u0431\u043e\u0447\u043a\u0430 \u0441 \u043f\u0440\u043e\u0437\u0440\u0430\u0447\u043d\u044b\u043c \u043e\u043a\u043e\u0448\u043a\u043e\u043c\u00a0 12 \u041a\u0410\u041f\u041a\u0415\u0419\u041a\u041e\u0412, \u0421\u041b\u0410\u0414\u041a\u0418\u0425 \u041d\u0410\u0411\u041e\u0420\u041e\u0412, \u041f\u0418\u0420\u041e\u0416\u0415\u041d\u041d\u042b\u0425, \u0422\u0410\u0420\u0422\u041e\u0412, \u0422\u041e\u0420\u0422\u041e\u0412, \u0434\u043b\u044f \u043b\u044e\u0431\u044b\u0445 \u043f\u043e\u0434\u0430\u0440\u043a\u043e\u0432, \u0447\u0442\u043e \u0431\u044b \u0432\u044b \u043d\u0435 \u0443\u043f\u0430\u043a\u043e\u0432\u0430\u043b\u0438, \u0432\u0430\u0448 \u043f\u0440\u043e\u0434\u0443\u043a\u0442 \u0431\u0443\u0434\u0435\u0442 \u0432\u0438\u0434\u0435\u043d \u0447\u0435\u0440\u0435\u0437 \u043f\u0440\u043e\u0437\u0440\u0430\u0447\u043d\u043e\u0435 \u043e\u043a\u043e\u0448\u043a\u043e \u0438\u0437 \u0411\u0418\u041e \u041f\u041f.<br \/>\n\u0421 \u0432\u043d\u0443\u0442\u0440\u0435\u043d\u043d\u0435\u0439 \u0441\u0442\u043e\u0440\u043e\u043d\u044b \u043a\u043e\u0440\u043e\u0431\u043a\u0438 \u0442\u0430\u043a\u0436\u0435\u00a0 \u0431\u0443\u0434\u0435\u0442 \u0431\u0435\u043b\u044b\u0439 \u0446\u0432\u0435\u0442<\/p>\n<p>V\u0103 rug\u0103m s\u0103 re\u021bine\u021bi: inser\u021bia pentru 12 cupcakes \u0219i baza de tort nu sunt incluse \u00een pre\u021b, VANDUSE SEPARAT<\/p>\n<p>\u0412\u043e\u0437\u043c\u043e\u0436\u043d\u044b\u0435 \u0446\u0432\u0435\u0442\u0430: \u0411\u0415\u041b\u042b\u0419 \u0438\u043b\u0438\u00a0 \u041f\u041e\u0414 \u0417\u0410\u041a\u0410\u0417 \u041e\u0422 100 \u0448\u0442. \u041b\u042e\u0411\u041e\u0419 \u0414\u0420\u0423\u0413\u041e\u0419 \u0426\u0412\u0415\u0422 \u0437\u0430 \u043e\u0442\u0434\u0435\u043b\u044c\u043d\u0443\u044e \u043f\u043b\u0430\u0442\u0443<\/p>\n<p>M\u0103rimea:<\/p>\n<p>\u0414\u043b\u0438\u043d\u0430: 36 \u0441\u043c<\/p>\n<p>Latime: 25 cm<\/p>\n<p>Inaltime: 11 cm<\/p>\n<p>Op\u021bional: oferim un insert pentru 12 cupcakes \u0219i un covora\u0219 pentru tort pentru un COST SUPLIMENTAR<\/p>\n<p>\u041f\u043e\u0434 \u0437\u0430\u043a\u0430\u0437 \u043e\u0442 100 \u0448\u0442 \u0432\u043e\u0437\u043c\u043e\u0436\u043d\u0430 \u043f\u0435\u0440\u0441\u043e\u043d\u0430\u043b\u0438\u0437\u0430\u0446\u0438\u044f, \u043f\u0435\u0447\u0430\u0442\u044c \u043d\u0430 \u043a\u043e\u0440\u043e\u0431\u043a\u0435 \u043f\u043e \u0432\u0430\u0448\u0435\u043c\u0443 \u044d\u0441\u043a\u0438\u0437\u0443, \u043b\u043e\u0433\u043e\u0442\u0438\u043f \u0438\u043b\u0438 \u0432\u0435\u0440\u0445 \u043a\u043e\u0440\u043e\u0431\u043a\u0438 \u0434\u0440\u0443\u0433\u043e\u0433\u043e \u0446\u0432\u0435\u0442\u0430<\/p>\n<p>PENTRU INFORMA\u021aII SUPLIMENTARE SUNAL\u0102 la +37379777129<\/p>","protected":false},"excerpt":{"rendered":"<p>\u043a\u043e\u0440\u043e\u0431\u043e\u0447\u043a\u0430 \u0441 \u043f\u0440\u043e\u0437\u0440\u0430\u0447\u043d\u044b\u043c \u043e\u043a\u043e\u0448\u043a\u043e\u043c\u00a0 \u0433\u043e\u0444\u0440\u0438\u0440\u043e\u0432\u0430\u043d\u043d\u043e\u0433\u043e \u043a\u0430\u0440\u0442\u043e\u043d\u0430 \u0432\u043d\u0443\u0442\u0440\u0438 \u0442\u0430\u043a\u0436\u0435 \u0431\u0435\u043b\u043e\u0433\u043e \u0446\u0432\u0435\u0442\u0430<\/p>","protected":false},"featured_media":19957,"template":"","meta":[],"product_brand":[],"product_cat":[71],"product_tag":[],"class_list":{"0":"post-19956","1":"product","2":"type-product","3":"status-publish","4":"has-post-thumbnail","6":"product_cat-71","8":"first","9":"instock","10":"shipping-taxable","11":"purchasable","12":"product-type-simple"},"_links":{"self":[{"href":"https:\/\/anplast.md\/ro\/wp-json\/wp\/v2\/product\/19956","targetHints":{"allow":["GET"]}}],"collection":[{"href":"https:\/\/anplast.md\/ro\/wp-json\/wp\/v2\/product"}],"about":[{"href":"https:\/\/anplast.md\/ro\/wp-json\/wp\/v2\/types\/product"}],"version-history":[{"count":0,"href":"https:\/\/anplast.md\/ro\/wp-json\/wp\/v2\/product\/19956\/revisions"}],"wp:featuredmedia":[{"embeddable":true,"href":"https:\/\/anplast.md\/ro\/wp-json\/wp\/v2\/media\/19957"}],"wp:attachment":[{"href":"https:\/\/anplast.md\/ro\/wp-json\/wp\/v2\/media?parent=19956"}],"wp:term":[{"taxonomy":"product_brand","embeddable":true,"href":"https:\/\/anplast.md\/ro\/wp-json\/wp\/v2\/product_brand?post=19956"},{"taxonomy":"product_cat","embeddable":true,"href":"https:\/\/anplast.md\/ro\/wp-json\/wp\/v2\/product_cat?post=19956"},{"taxonomy":"product_tag","embeddable":true,"href":"https:\/\/anplast.md\/ro\/wp-json\/wp\/v2\/product_tag?post=19956"}],"curies":[{"name":"wp","href":"https:\/\/api.w.org\/{rel}","templated":true}]}}