{"id":18329,"date":"2024-01-03T00:41:09","date_gmt":"2024-01-03T00:41:09","guid":{"rendered":"https:\/\/anplast.md\/?post_type=product&#038;p=18329"},"modified":"2024-01-03T00:43:51","modified_gmt":"2024-01-03T00:43:51","slug":"vafelnye-kartinki-52","status":"publish","type":"product","link":"https:\/\/anplast.md\/ro\/produs\/vafelnye-kartinki-52\/","title":{"rendered":"Imagini cu vafe"},"content":{"rendered":"<p>Poza cu vafe este ideal\u0103 pentru decorarea pr\u0103jiturii, cupcakes-urilor sau brio\u0219elor, tortului sau bento, turt\u0103 dulce etc.<\/p>\n<p>IMPRIMAREA SE REALIZA PE H\u00c2RTIE VAFELA CU DIMENSIUNEA 210*297 (coala A4)<\/p>\n<p>\u00cen magazinele noastre, pute\u021bi g\u0103si \u0219i cump\u0103ra poze gata f\u0103cute, dar \u00een centru, pe strada Tiraspol 5, este posibil s\u0103 imprima\u021bi cu un design individual. Site-ul prezint\u0103 at\u00e2t op\u021biunile disponibile, c\u00e2t \u0219i cele cu un design interesant\/neobi\u0219nuit, adaptate unei anumite s\u0103rb\u0103tori sau unei anumite date.<\/p>\n<p>PENTRU A TIPRI IMAGINEA INDIVIDUAL\u0102, VA RUG\u0102M S\u0102 TRIMITE\u021aI \u00ceN AVANS UN \u0218ABON DE BUN\u0102 CALITATE, <strong>FORMAT JPG<\/strong>, rar PDF, PRIN EMAIL: <strong>A068033144@gmail.com<\/strong>. NU OFERIM SERVICII DE PROIECTARE \u0218I NU REGL\u0102M IMAGINI ON LINE \u00ceN MAGAZIN, DAR LE TRIMITEM DIRECT PENTRU IMPRIMARE<\/p>\n<p><strong>ATEN\u0162IE:<\/strong> calitatea imaginii se poate deteriora din cauza desc\u0103rc\u0103rii de pe Internet (inclusiv de pe site-ul nostru web) \u0219i din cauza tip\u0103ririi pe h\u00e2rtie wafer<\/p>\n<p>PENTRU INFORMA\u021aII SUPLIMENTARE SUNAL\u0102 la +37369777129<\/p>","protected":false},"excerpt":{"rendered":"<p>poza de vafe<\/p>","protected":false},"featured_media":18335,"template":"","meta":[],"product_brand":[],"product_cat":[108,106],"product_tag":[],"class_list":{"0":"post-18329","1":"product","2":"type-product","3":"status-publish","4":"has-post-thumbnail","6":"product_cat-108","7":"product_cat-vafelnye-kartinki","9":"first","10":"instock","11":"shipping-taxable","12":"purchasable","13":"product-type-simple"},"_links":{"self":[{"href":"https:\/\/anplast.md\/ro\/wp-json\/wp\/v2\/product\/18329","targetHints":{"allow":["GET"]}}],"collection":[{"href":"https:\/\/anplast.md\/ro\/wp-json\/wp\/v2\/product"}],"about":[{"href":"https:\/\/anplast.md\/ro\/wp-json\/wp\/v2\/types\/product"}],"version-history":[{"count":0,"href":"https:\/\/anplast.md\/ro\/wp-json\/wp\/v2\/product\/18329\/revisions"}],"wp:featuredmedia":[{"embeddable":true,"href":"https:\/\/anplast.md\/ro\/wp-json\/wp\/v2\/media\/18335"}],"wp:attachment":[{"href":"https:\/\/anplast.md\/ro\/wp-json\/wp\/v2\/media?parent=18329"}],"wp:term":[{"taxonomy":"product_brand","embeddable":true,"href":"https:\/\/anplast.md\/ro\/wp-json\/wp\/v2\/product_brand?post=18329"},{"taxonomy":"product_cat","embeddable":true,"href":"https:\/\/anplast.md\/ro\/wp-json\/wp\/v2\/product_cat?post=18329"},{"taxonomy":"product_tag","embeddable":true,"href":"https:\/\/anplast.md\/ro\/wp-json\/wp\/v2\/product_tag?post=18329"}],"curies":[{"name":"wp","href":"https:\/\/api.w.org\/{rel}","templated":true}]}}