{"id":17862,"date":"2023-12-10T14:25:16","date_gmt":"2023-12-10T14:25:16","guid":{"rendered":"https:\/\/anplast.md\/?post_type=product&#038;p=17862"},"modified":"2023-12-27T11:42:51","modified_gmt":"2023-12-27T11:42:51","slug":"novyj-god-15153sm","status":"publish","type":"product","link":"https:\/\/anplast.md\/ro\/produs\/novyj-god-15153sm\/","title":{"rendered":"15*15*3cm (Anul Nou)"},"content":{"rendered":"<p>O cutie cu fereastra transparenta pentru GINGERBREAKES, BOMBONELE, BIJUTERII, CHEIE, FRUCTE USCATE, NUCI, LUMANARI, FAGURES, pentru orice cadouri, indiferent ce ati impachetat, produsul dumneavoastra va fi vizibil prin fereastra transparenta din BIO PP.<\/p>\n<p>Culori posibile: ALB, MARO, SAU LA COMANDA DE LA 2000 buc. ORICE ALTA CULOARE<\/p>\n<p>M\u0103rimea:<\/p>\n<p>Lungime: 15 cm<\/p>\n<p>Latime: 15 cm<\/p>\n<p>Inaltime: 3 cm<\/p>\n<p>pret en-gros de la 25 buc 8 lei<\/p>\n<p>Op\u021bional: oferim un separator de bomboane pentru 9 buc\u0103\u021bi, la un COST SUPLIMENTAR<\/p>\n<p>Pentru comenzile incepand de la 2000 buc este posibila personalizarea, printarea pe cutie dupa schita, logo-ul dumneavoastra, informatii despre produs, descriere sau instructiuni<\/p>\n<p>PENTRU INFORMA\u021aII SUPLIMENTARE SUNAL\u0102 la +37379777129<\/p>","protected":false},"excerpt":{"rendered":"<p>cutie mic\u0103 cu o fereastr\u0103 transparent\u0103 din carton stratificat<\/p>","protected":false},"featured_media":17487,"template":"","meta":[],"product_brand":[],"product_cat":[71],"product_tag":[],"class_list":{"0":"post-17862","1":"product","2":"type-product","3":"status-publish","4":"has-post-thumbnail","6":"product_cat-71","8":"first","9":"instock","10":"shipping-taxable","11":"purchasable","12":"product-type-simple"},"_links":{"self":[{"href":"https:\/\/anplast.md\/ro\/wp-json\/wp\/v2\/product\/17862","targetHints":{"allow":["GET"]}}],"collection":[{"href":"https:\/\/anplast.md\/ro\/wp-json\/wp\/v2\/product"}],"about":[{"href":"https:\/\/anplast.md\/ro\/wp-json\/wp\/v2\/types\/product"}],"version-history":[{"count":0,"href":"https:\/\/anplast.md\/ro\/wp-json\/wp\/v2\/product\/17862\/revisions"}],"wp:featuredmedia":[{"embeddable":true,"href":"https:\/\/anplast.md\/ro\/wp-json\/wp\/v2\/media\/17487"}],"wp:attachment":[{"href":"https:\/\/anplast.md\/ro\/wp-json\/wp\/v2\/media?parent=17862"}],"wp:term":[{"taxonomy":"product_brand","embeddable":true,"href":"https:\/\/anplast.md\/ro\/wp-json\/wp\/v2\/product_brand?post=17862"},{"taxonomy":"product_cat","embeddable":true,"href":"https:\/\/anplast.md\/ro\/wp-json\/wp\/v2\/product_cat?post=17862"},{"taxonomy":"product_tag","embeddable":true,"href":"https:\/\/anplast.md\/ro\/wp-json\/wp\/v2\/product_tag?post=17862"}],"curies":[{"name":"wp","href":"https:\/\/api.w.org\/{rel}","templated":true}]}}