{"id":17858,"date":"2023-12-10T14:16:09","date_gmt":"2023-12-10T14:16:09","guid":{"rendered":"https:\/\/anplast.md\/?post_type=product&#038;p=17858"},"modified":"2023-12-27T11:42:05","modified_gmt":"2023-12-27T11:42:05","slug":"novyj-god-25179sm-6-kapkejkov","status":"publish","type":"product","link":"https:\/\/anplast.md\/ro\/produs\/novyj-god-25179sm-6-kapkejkov\/","title":{"rendered":"25*17*9 cm (Anul Nou)"},"content":{"rendered":"<p>Cutie cu sau fara fereastra transparenta pentru 6 CUPCAKES, SETURI DULCI, TORTI, pentru orice cadouri, indiferent ce ati impachetat, produsul dumneavoastra va fi vizibil printr-un geam transparent din BIO PP<\/p>\n<p>V\u0103 rug\u0103m s\u0103 re\u021bine\u021bi: inser\u021bia pentru 6 cupcakes nu este inclus\u0103 \u00een pre\u021b, V\u00c2NDUT SEPARAT<\/p>\n<p>Culori posibile: ALB, MARO, SAU LA COMANDA DE LA 2000 buc. ORICE ALTA CULOARE<\/p>\n<p>M\u0103rimea:<\/p>\n<p>Lungime: 25 cm<\/p>\n<p>Latime: 17 cm<\/p>\n<p>Inaltime: 9 cm<\/p>\n<p>pret en-gros de la 25 buc 15 lei<\/p>\n<p>Op\u021bional: oferim un insert pentru 6 cupcakes, la un COST SUPLIMENTAR<\/p>\n<p>Pentru comenzile incepand de la 2000 buc este posibila personalizarea, printarea pe cutie dupa schita, logo-ul dumneavoastra, informatii despre produs, descriere sau instructiuni<\/p>\n<p>PENTRU INFORMA\u021aII SUPLIMENTARE SUNAL\u0102 la +37379777129<\/p>","protected":false},"excerpt":{"rendered":"<p>cutie mic\u0103 cu sau f\u0103r\u0103 fereastr\u0103 transparent\u0103 din carton stratificat \u0219i ondulat<\/p>","protected":false},"featured_media":17836,"template":"","meta":[],"product_brand":[],"product_cat":[71],"product_tag":[],"class_list":{"0":"post-17858","1":"product","2":"type-product","3":"status-publish","4":"has-post-thumbnail","6":"product_cat-71","8":"first","9":"instock","10":"shipping-taxable","11":"purchasable","12":"product-type-simple"},"_links":{"self":[{"href":"https:\/\/anplast.md\/ro\/wp-json\/wp\/v2\/product\/17858","targetHints":{"allow":["GET"]}}],"collection":[{"href":"https:\/\/anplast.md\/ro\/wp-json\/wp\/v2\/product"}],"about":[{"href":"https:\/\/anplast.md\/ro\/wp-json\/wp\/v2\/types\/product"}],"version-history":[{"count":0,"href":"https:\/\/anplast.md\/ro\/wp-json\/wp\/v2\/product\/17858\/revisions"}],"wp:featuredmedia":[{"embeddable":true,"href":"https:\/\/anplast.md\/ro\/wp-json\/wp\/v2\/media\/17836"}],"wp:attachment":[{"href":"https:\/\/anplast.md\/ro\/wp-json\/wp\/v2\/media?parent=17858"}],"wp:term":[{"taxonomy":"product_brand","embeddable":true,"href":"https:\/\/anplast.md\/ro\/wp-json\/wp\/v2\/product_brand?post=17858"},{"taxonomy":"product_cat","embeddable":true,"href":"https:\/\/anplast.md\/ro\/wp-json\/wp\/v2\/product_cat?post=17858"},{"taxonomy":"product_tag","embeddable":true,"href":"https:\/\/anplast.md\/ro\/wp-json\/wp\/v2\/product_tag?post=17858"}],"curies":[{"name":"wp","href":"https:\/\/api.w.org\/{rel}","templated":true}]}}