{"id":17703,"date":"2023-11-18T13:35:19","date_gmt":"2023-11-18T13:35:19","guid":{"rendered":"https:\/\/anplast.md\/?post_type=product&#038;p=17703"},"modified":"2023-12-27T11:43:56","modified_gmt":"2023-12-27T11:43:56","slug":"9515-sm-merczishor","status":"publish","type":"product","link":"https:\/\/anplast.md\/ro\/produs\/9515-sm-merczishor\/","title":{"rendered":"9*5*1,5 cm (mertisor)"},"content":{"rendered":"<p>O cutie cu fereastra transparenta pentru MERTISHOR, facuta ca un plic, pentru orice cadouri, indiferent ce ati impachetat, produsul dumneavoastra va fi vizibil prin fereastra transparenta din BIO PP<\/p>\n<p>Culori posibile: ALB, MARO, NEGRU, ARGINTIU SAU ORICE ALTUL, DAR LA COMANDA DE LA 2000 buc.<\/p>\n<p>M\u0103rimea:<\/p>\n<p>Lungime: 9 cm<\/p>\n<p>Latime: 5 cm<\/p>\n<p>Inaltime: 1,5 cm<\/p>\n<p>de la 25 buc pret angro 3 lei<\/p>\n<p>Pentru comenzile incepand de la 2000 buc este posibila personalizarea, printarea pe cutie dupa schita, logo-ul dumneavoastra, informatii despre produs, descriere sau instructiuni<\/p>\n<p>PENTRU INFORMA\u021aII SUPLIMENTARE SUNAL\u0102 la +37379777129<\/p>","protected":false},"excerpt":{"rendered":"<p>cutie mic\u0103 cu sau f\u0103r\u0103 fereastr\u0103 transparent\u0103 din carton stratificat<\/p>","protected":false},"featured_media":15918,"template":"","meta":[],"product_brand":[],"product_cat":[71],"product_tag":[],"class_list":{"0":"post-17703","1":"product","2":"type-product","3":"status-publish","4":"has-post-thumbnail","6":"product_cat-71","8":"first","9":"instock","10":"shipping-taxable","11":"purchasable","12":"product-type-simple"},"_links":{"self":[{"href":"https:\/\/anplast.md\/ro\/wp-json\/wp\/v2\/product\/17703","targetHints":{"allow":["GET"]}}],"collection":[{"href":"https:\/\/anplast.md\/ro\/wp-json\/wp\/v2\/product"}],"about":[{"href":"https:\/\/anplast.md\/ro\/wp-json\/wp\/v2\/types\/product"}],"version-history":[{"count":0,"href":"https:\/\/anplast.md\/ro\/wp-json\/wp\/v2\/product\/17703\/revisions"}],"wp:featuredmedia":[{"embeddable":true,"href":"https:\/\/anplast.md\/ro\/wp-json\/wp\/v2\/media\/15918"}],"wp:attachment":[{"href":"https:\/\/anplast.md\/ro\/wp-json\/wp\/v2\/media?parent=17703"}],"wp:term":[{"taxonomy":"product_brand","embeddable":true,"href":"https:\/\/anplast.md\/ro\/wp-json\/wp\/v2\/product_brand?post=17703"},{"taxonomy":"product_cat","embeddable":true,"href":"https:\/\/anplast.md\/ro\/wp-json\/wp\/v2\/product_cat?post=17703"},{"taxonomy":"product_tag","embeddable":true,"href":"https:\/\/anplast.md\/ro\/wp-json\/wp\/v2\/product_tag?post=17703"}],"curies":[{"name":"wp","href":"https:\/\/api.w.org\/{rel}","templated":true}]}}