{"id":16802,"date":"2023-11-02T15:55:49","date_gmt":"2023-11-02T15:55:49","guid":{"rendered":"https:\/\/anplast.md\/?post_type=product&#038;p=16802"},"modified":"2023-11-02T15:55:49","modified_gmt":"2023-11-02T15:55:49","slug":"malenkie-silikonovye-forma-dlya-morozhenoe","status":"publish","type":"product","link":"https:\/\/anplast.md\/ro\/produs\/malenkie-silikonovye-forma-dlya-morozhenoe\/","title":{"rendered":"Form\u0103 mic\u0103 de silicon pentru \u00eenghe\u021bat\u0103"},"content":{"rendered":"","protected":false},"excerpt":{"rendered":"","protected":false},"featured_media":16729,"template":"","meta":[],"product_brand":[],"product_cat":[73],"product_tag":[],"class_list":{"0":"post-16802","1":"product","2":"type-product","3":"status-publish","4":"has-post-thumbnail","6":"product_cat-73","8":"first","9":"instock","10":"shipping-taxable","11":"purchasable","12":"product-type-simple"},"_links":{"self":[{"href":"https:\/\/anplast.md\/ro\/wp-json\/wp\/v2\/product\/16802","targetHints":{"allow":["GET"]}}],"collection":[{"href":"https:\/\/anplast.md\/ro\/wp-json\/wp\/v2\/product"}],"about":[{"href":"https:\/\/anplast.md\/ro\/wp-json\/wp\/v2\/types\/product"}],"version-history":[{"count":0,"href":"https:\/\/anplast.md\/ro\/wp-json\/wp\/v2\/product\/16802\/revisions"}],"wp:featuredmedia":[{"embeddable":true,"href":"https:\/\/anplast.md\/ro\/wp-json\/wp\/v2\/media\/16729"}],"wp:attachment":[{"href":"https:\/\/anplast.md\/ro\/wp-json\/wp\/v2\/media?parent=16802"}],"wp:term":[{"taxonomy":"product_brand","embeddable":true,"href":"https:\/\/anplast.md\/ro\/wp-json\/wp\/v2\/product_brand?post=16802"},{"taxonomy":"product_cat","embeddable":true,"href":"https:\/\/anplast.md\/ro\/wp-json\/wp\/v2\/product_cat?post=16802"},{"taxonomy":"product_tag","embeddable":true,"href":"https:\/\/anplast.md\/ro\/wp-json\/wp\/v2\/product_tag?post=16802"}],"curies":[{"name":"wp","href":"https:\/\/api.w.org\/{rel}","templated":true}]}}