{"id":16628,"date":"2023-11-01T18:05:53","date_gmt":"2023-11-01T18:05:53","guid":{"rendered":"https:\/\/anplast.md\/?post_type=product&#038;p=16628"},"modified":"2023-11-01T18:05:54","modified_gmt":"2023-11-01T18:05:54","slug":"plastikovaya-forma-snezhki","status":"publish","type":"product","link":"https:\/\/anplast.md\/ro\/produs\/plastikovaya-forma-snezhki\/","title":{"rendered":"Matri\u021b\u0103 din plastic - bulg\u0103ri de z\u0103pad\u0103"},"content":{"rendered":"","protected":false},"excerpt":{"rendered":"","protected":false},"featured_media":16614,"template":"","meta":[],"product_brand":[],"product_cat":[73],"product_tag":[],"class_list":{"0":"post-16628","1":"product","2":"type-product","3":"status-publish","4":"has-post-thumbnail","6":"product_cat-73","8":"first","9":"instock","10":"shipping-taxable","11":"purchasable","12":"product-type-simple"},"_links":{"self":[{"href":"https:\/\/anplast.md\/ro\/wp-json\/wp\/v2\/product\/16628","targetHints":{"allow":["GET"]}}],"collection":[{"href":"https:\/\/anplast.md\/ro\/wp-json\/wp\/v2\/product"}],"about":[{"href":"https:\/\/anplast.md\/ro\/wp-json\/wp\/v2\/types\/product"}],"version-history":[{"count":0,"href":"https:\/\/anplast.md\/ro\/wp-json\/wp\/v2\/product\/16628\/revisions"}],"wp:featuredmedia":[{"embeddable":true,"href":"https:\/\/anplast.md\/ro\/wp-json\/wp\/v2\/media\/16614"}],"wp:attachment":[{"href":"https:\/\/anplast.md\/ro\/wp-json\/wp\/v2\/media?parent=16628"}],"wp:term":[{"taxonomy":"product_brand","embeddable":true,"href":"https:\/\/anplast.md\/ro\/wp-json\/wp\/v2\/product_brand?post=16628"},{"taxonomy":"product_cat","embeddable":true,"href":"https:\/\/anplast.md\/ro\/wp-json\/wp\/v2\/product_cat?post=16628"},{"taxonomy":"product_tag","embeddable":true,"href":"https:\/\/anplast.md\/ro\/wp-json\/wp\/v2\/product_tag?post=16628"}],"curies":[{"name":"wp","href":"https:\/\/api.w.org\/{rel}","templated":true}]}}