{"id":16210,"date":"2023-10-27T16:06:35","date_gmt":"2023-10-27T16:06:35","guid":{"rendered":"https:\/\/anplast.md\/?post_type=product&#038;p=16210"},"modified":"2023-11-18T13:22:34","modified_gmt":"2023-11-18T13:22:34","slug":"paket-dlya-musora-raznyh-czvetov-160-litrov-20-sht","status":"publish","type":"product","link":"https:\/\/anplast.md\/ro\/produs\/paket-dlya-musora-raznyh-czvetov-160-litrov-20-sht\/","title":{"rendered":"Saci de gunoi 160 litri (115*85cm)"},"content":{"rendered":"<p>Sac de gunoi 160 litri<\/p>\n<p>Culoare neagr\u0103<\/p>\n<p>Cantitate: 10 buc.<\/p>\n<p>M\u0103rimea:<\/p>\n<p>Lungime: 115 cm<\/p>\n<p>Latime: 85 cm<\/p>\n<p>Op\u021bional: pentru comenzile \u00een vrac este posibil s\u0103 se produc\u0103 orice culoare cu sau f\u0103r\u0103 etichet\u0103 personalizat\u0103<\/p>\n<p>PENTRU INFORMA\u021aII SUPLIMENTARE SUNAL\u0102 la +37379777129<\/p>","protected":false},"excerpt":{"rendered":"<p>saci de gunoi negri pentru 160 litri, dimensiune - 115*85cm<\/p>","protected":false},"featured_media":0,"template":"","meta":[],"product_brand":[],"product_cat":[81],"product_tag":[],"class_list":{"0":"post-16210","1":"product","2":"type-product","3":"status-publish","5":"product_cat----2","7":"first","8":"instock","9":"shipping-taxable","10":"purchasable","11":"product-type-simple"},"_links":{"self":[{"href":"https:\/\/anplast.md\/ro\/wp-json\/wp\/v2\/product\/16210","targetHints":{"allow":["GET"]}}],"collection":[{"href":"https:\/\/anplast.md\/ro\/wp-json\/wp\/v2\/product"}],"about":[{"href":"https:\/\/anplast.md\/ro\/wp-json\/wp\/v2\/types\/product"}],"version-history":[{"count":0,"href":"https:\/\/anplast.md\/ro\/wp-json\/wp\/v2\/product\/16210\/revisions"}],"wp:attachment":[{"href":"https:\/\/anplast.md\/ro\/wp-json\/wp\/v2\/media?parent=16210"}],"wp:term":[{"taxonomy":"product_brand","embeddable":true,"href":"https:\/\/anplast.md\/ro\/wp-json\/wp\/v2\/product_brand?post=16210"},{"taxonomy":"product_cat","embeddable":true,"href":"https:\/\/anplast.md\/ro\/wp-json\/wp\/v2\/product_cat?post=16210"},{"taxonomy":"product_tag","embeddable":true,"href":"https:\/\/anplast.md\/ro\/wp-json\/wp\/v2\/product_tag?post=16210"}],"curies":[{"name":"wp","href":"https:\/\/api.w.org\/{rel}","templated":true}]}}