{"id":16207,"date":"2023-10-27T16:06:35","date_gmt":"2023-10-27T16:06:35","guid":{"rendered":"https:\/\/anplast.md\/?post_type=product&#038;p=16207"},"modified":"2023-11-18T13:31:02","modified_gmt":"2023-11-18T13:31:02","slug":"paket-dlya-musora-raznyh-czvetov-35-litrov-50-sht","status":"publish","type":"product","link":"https:\/\/anplast.md\/ro\/produs\/paket-dlya-musora-raznyh-czvetov-35-litrov-50-sht\/","title":{"rendered":"Saci de gunoi 35 litri (60*50cm)"},"content":{"rendered":"<p>sac de gunoi de 35 litri<\/p>\n<p>Culoare: NEGRU, GALBEN, ROZ, ALBASTRU, MOV<\/p>\n<p>Cantitate: 30 buc.<\/p>\n<p>M\u0103rimea:<\/p>\n<p>Lungime: 60 cm<\/p>\n<p>Latime: 50 cm<\/p>\n<p>Op\u021bional: pentru comenzile \u00een vrac este posibil s\u0103 se produc\u0103 orice culoare cu sau f\u0103r\u0103 etichet\u0103 personalizat\u0103<\/p>\n<p>PENTRU INFORMA\u021aII SUPLIMENTARE SUNAL\u0102 la +37379777129<\/p>","protected":false},"excerpt":{"rendered":"<p>saci de gunoi negri, 35 litri, dimensiune - 60*50cm<\/p>","protected":false},"featured_media":15901,"template":"","meta":[],"product_brand":[],"product_cat":[81],"product_tag":[],"class_list":{"0":"post-16207","1":"product","2":"type-product","3":"status-publish","4":"has-post-thumbnail","6":"product_cat----2","8":"first","9":"instock","10":"shipping-taxable","11":"purchasable","12":"product-type-simple"},"_links":{"self":[{"href":"https:\/\/anplast.md\/ro\/wp-json\/wp\/v2\/product\/16207","targetHints":{"allow":["GET"]}}],"collection":[{"href":"https:\/\/anplast.md\/ro\/wp-json\/wp\/v2\/product"}],"about":[{"href":"https:\/\/anplast.md\/ro\/wp-json\/wp\/v2\/types\/product"}],"version-history":[{"count":0,"href":"https:\/\/anplast.md\/ro\/wp-json\/wp\/v2\/product\/16207\/revisions"}],"wp:featuredmedia":[{"embeddable":true,"href":"https:\/\/anplast.md\/ro\/wp-json\/wp\/v2\/media\/15901"}],"wp:attachment":[{"href":"https:\/\/anplast.md\/ro\/wp-json\/wp\/v2\/media?parent=16207"}],"wp:term":[{"taxonomy":"product_brand","embeddable":true,"href":"https:\/\/anplast.md\/ro\/wp-json\/wp\/v2\/product_brand?post=16207"},{"taxonomy":"product_cat","embeddable":true,"href":"https:\/\/anplast.md\/ro\/wp-json\/wp\/v2\/product_cat?post=16207"},{"taxonomy":"product_tag","embeddable":true,"href":"https:\/\/anplast.md\/ro\/wp-json\/wp\/v2\/product_tag?post=16207"}],"curies":[{"name":"wp","href":"https:\/\/api.w.org\/{rel}","templated":true}]}}