{"id":16160,"date":"2023-10-27T16:06:36","date_gmt":"2023-10-27T16:06:36","guid":{"rendered":"https:\/\/anplast.md\/?post_type=product&#038;p=16160"},"modified":"2024-07-22T09:32:16","modified_gmt":"2024-07-22T09:32:16","slug":"korobochka-akvarium-151523-sm","status":"publish","type":"product","link":"https:\/\/anplast.md\/ro\/produs\/korobochka-akvarium-151523-sm\/","title":{"rendered":"15*15*20 \u0441\u043c (\u0430\u043a\u0432\u0430\u0440\u0438\u0443\u043c \u043c\u0430\u043b\u044b\u0439)"},"content":{"rendered":"<p>O cutie transparent\u0103 pentru PR\u0102JITURI (bento-), pentru orice cadouri, indiferent de ce \u00eempacheta\u021bi, produsul dumneavoastr\u0103 va fi vizibil printr-o fereastr\u0103 transparent\u0103 din BIO PP<\/p>\n<p>Culori posibile: ALB, MARO, SAU LA COMANDA DE LA 2000 buc. ORICE ALTA CULOARE<\/p>\n<p>M\u0103rimea:<\/p>\n<p>Lungime: 15 cm<\/p>\n<p>Latime: 15 cm<\/p>\n<p>\u0412\u044b\u0441\u043e\u0442\u0430: 20 \u0441\u043c<\/p>\n<p>Pentru comenzile incepand de la 2000 buc este posibila personalizarea, printarea pe cutie dupa schita, logo-ul dumneavoastra, informatii despre produs, descriere sau instructiuni<\/p>\n<p>PENTRU INFORMA\u021aII SUPLIMENTARE SUNAL\u0102 la +37379777129<\/p>","protected":false},"excerpt":{"rendered":"<p>cutie cu plastic transparent din carton stratificat<\/p>","protected":false},"featured_media":15971,"template":"","meta":[],"product_brand":[],"product_cat":[71],"product_tag":[],"class_list":{"0":"post-16160","1":"product","2":"type-product","3":"status-publish","4":"has-post-thumbnail","6":"product_cat-71","8":"first","9":"instock","10":"shipping-taxable","11":"purchasable","12":"product-type-simple"},"_links":{"self":[{"href":"https:\/\/anplast.md\/ro\/wp-json\/wp\/v2\/product\/16160","targetHints":{"allow":["GET"]}}],"collection":[{"href":"https:\/\/anplast.md\/ro\/wp-json\/wp\/v2\/product"}],"about":[{"href":"https:\/\/anplast.md\/ro\/wp-json\/wp\/v2\/types\/product"}],"version-history":[{"count":0,"href":"https:\/\/anplast.md\/ro\/wp-json\/wp\/v2\/product\/16160\/revisions"}],"wp:featuredmedia":[{"embeddable":true,"href":"https:\/\/anplast.md\/ro\/wp-json\/wp\/v2\/media\/15971"}],"wp:attachment":[{"href":"https:\/\/anplast.md\/ro\/wp-json\/wp\/v2\/media?parent=16160"}],"wp:term":[{"taxonomy":"product_brand","embeddable":true,"href":"https:\/\/anplast.md\/ro\/wp-json\/wp\/v2\/product_brand?post=16160"},{"taxonomy":"product_cat","embeddable":true,"href":"https:\/\/anplast.md\/ro\/wp-json\/wp\/v2\/product_cat?post=16160"},{"taxonomy":"product_tag","embeddable":true,"href":"https:\/\/anplast.md\/ro\/wp-json\/wp\/v2\/product_tag?post=16160"}],"curies":[{"name":"wp","href":"https:\/\/api.w.org\/{rel}","templated":true}]}}