{"id":16155,"date":"2023-10-27T16:06:36","date_gmt":"2023-10-27T16:06:36","guid":{"rendered":"https:\/\/anplast.md\/?post_type=product&#038;p=16155"},"modified":"2023-11-18T12:35:07","modified_gmt":"2023-11-18T12:35:07","slug":"korobochka-s-oknom23156-sm","status":"publish","type":"product","link":"https:\/\/anplast.md\/ro\/produs\/korobochka-s-oknom23156-sm\/","title":{"rendered":"23*15*6 cm"},"content":{"rendered":"<p>Cutie cu sau fara fereastra transparenta pentru ECLAIRS, ZEPHIR, MOTI, MERINGUE, LUMANARI, SETURI CADOU, pentru orice cadouri, indiferent de ce ati impachetat, produsul dumneavoastra va fi vizibil printr-o fereastra transparenta din BIO PP.<\/p>\n<p>Culori posibile: ALB, MARO, SAU LA COMANDA DE LA 2000 buc. ORICE ALTA CULOARE<\/p>\n<p>M\u0103rimea:<\/p>\n<p>Lungime: 23 cm<\/p>\n<p>Latime: 15 cm<\/p>\n<p>Inaltime: 6 cm<\/p>\n<p>Pentru comenzile incepand de la 2000 buc este posibila personalizarea, printarea pe cutie dupa schita, logo-ul dumneavoastra, informatii despre produs, descriere sau instructiuni<\/p>\n<p>PENTRU INFORMA\u021aII SUPLIMENTARE SUNAL\u0102 la +37379777129<\/p>","protected":false},"excerpt":{"rendered":"<p>cutie cu sau f\u0103r\u0103 fereastr\u0103 transparent\u0103 din carton stratificat \u0219i ondulat<\/p>","protected":false},"featured_media":16087,"template":"","meta":[],"product_brand":[],"product_cat":[71],"product_tag":[],"class_list":{"0":"post-16155","1":"product","2":"type-product","3":"status-publish","4":"has-post-thumbnail","6":"product_cat-71","8":"first","9":"instock","10":"shipping-taxable","11":"purchasable","12":"product-type-simple"},"_links":{"self":[{"href":"https:\/\/anplast.md\/ro\/wp-json\/wp\/v2\/product\/16155","targetHints":{"allow":["GET"]}}],"collection":[{"href":"https:\/\/anplast.md\/ro\/wp-json\/wp\/v2\/product"}],"about":[{"href":"https:\/\/anplast.md\/ro\/wp-json\/wp\/v2\/types\/product"}],"version-history":[{"count":0,"href":"https:\/\/anplast.md\/ro\/wp-json\/wp\/v2\/product\/16155\/revisions"}],"wp:featuredmedia":[{"embeddable":true,"href":"https:\/\/anplast.md\/ro\/wp-json\/wp\/v2\/media\/16087"}],"wp:attachment":[{"href":"https:\/\/anplast.md\/ro\/wp-json\/wp\/v2\/media?parent=16155"}],"wp:term":[{"taxonomy":"product_brand","embeddable":true,"href":"https:\/\/anplast.md\/ro\/wp-json\/wp\/v2\/product_brand?post=16155"},{"taxonomy":"product_cat","embeddable":true,"href":"https:\/\/anplast.md\/ro\/wp-json\/wp\/v2\/product_cat?post=16155"},{"taxonomy":"product_tag","embeddable":true,"href":"https:\/\/anplast.md\/ro\/wp-json\/wp\/v2\/product_tag?post=16155"}],"curies":[{"name":"wp","href":"https:\/\/api.w.org\/{rel}","templated":true}]}}