{"id":16154,"date":"2023-10-27T16:06:36","date_gmt":"2023-10-27T16:06:36","guid":{"rendered":"https:\/\/anplast.md\/?post_type=product&#038;p=16154"},"modified":"2024-07-22T11:25:01","modified_gmt":"2024-07-22T11:25:01","slug":"korobochka-s-oknom-20153-sm","status":"publish","type":"product","link":"https:\/\/anplast.md\/ro\/produs\/korobochka-s-oknom-20153-sm\/","title":{"rendered":"20*15*3cm"},"content":{"rendered":"<p>Cutie cu fereastra transparenta pentru GIGERBREAKES, BOMBONELE, BIJUTERII, SETURI DIVERSE, pentru orice cadouri, indiferent de ce ati impachetat, produsul dumneavoastra va fi vizibil prin fereastra transparenta din BIO PP<\/p>\n<p>Culori posibile: ALB, MARO, NEGRU SAU LA COMANDA DE LA 2000 buc. ORICE ALTA CULOARE<\/p>\n<p>M\u0103rimea:<\/p>\n<p>Lungime: 20 cm<\/p>\n<p>Latime: 15 cm<\/p>\n<p>Inaltime: 3 cm<\/p>\n<p>Op\u021bional: oferim un separator de bomboane pentru 12 buc\u0103\u021bi, la un COST SUPLIMENTAR<\/p>\n<p>Pentru comenzile incepand de la 2000 buc este posibila personalizarea, printarea pe cutie dupa schita, logo-ul dumneavoastra, informatii despre produs, descriere sau instructiuni<\/p>\n<p>PENTRU INFORMA\u021aII SUPLIMENTARE SUNAL\u0102 la +37379777129<\/p>","protected":false},"excerpt":{"rendered":"<p>cutie mic\u0103 cu o fereastr\u0103 transparent\u0103 din carton stratificat<\/p>","protected":false},"featured_media":19654,"template":"","meta":[],"product_brand":[],"product_cat":[71],"product_tag":[],"class_list":{"0":"post-16154","1":"product","2":"type-product","3":"status-publish","4":"has-post-thumbnail","6":"product_cat-71","8":"first","9":"instock","10":"shipping-taxable","11":"purchasable","12":"product-type-simple"},"_links":{"self":[{"href":"https:\/\/anplast.md\/ro\/wp-json\/wp\/v2\/product\/16154","targetHints":{"allow":["GET"]}}],"collection":[{"href":"https:\/\/anplast.md\/ro\/wp-json\/wp\/v2\/product"}],"about":[{"href":"https:\/\/anplast.md\/ro\/wp-json\/wp\/v2\/types\/product"}],"version-history":[{"count":0,"href":"https:\/\/anplast.md\/ro\/wp-json\/wp\/v2\/product\/16154\/revisions"}],"wp:featuredmedia":[{"embeddable":true,"href":"https:\/\/anplast.md\/ro\/wp-json\/wp\/v2\/media\/19654"}],"wp:attachment":[{"href":"https:\/\/anplast.md\/ro\/wp-json\/wp\/v2\/media?parent=16154"}],"wp:term":[{"taxonomy":"product_brand","embeddable":true,"href":"https:\/\/anplast.md\/ro\/wp-json\/wp\/v2\/product_brand?post=16154"},{"taxonomy":"product_cat","embeddable":true,"href":"https:\/\/anplast.md\/ro\/wp-json\/wp\/v2\/product_cat?post=16154"},{"taxonomy":"product_tag","embeddable":true,"href":"https:\/\/anplast.md\/ro\/wp-json\/wp\/v2\/product_tag?post=16154"}],"curies":[{"name":"wp","href":"https:\/\/api.w.org\/{rel}","templated":true}]}}