{"id":16145,"date":"2023-10-27T16:06:37","date_gmt":"2023-10-27T16:06:37","guid":{"rendered":"https:\/\/anplast.md\/?post_type=product&#038;p=16145"},"modified":"2023-11-18T12:48:59","modified_gmt":"2023-11-18T12:48:59","slug":"korobochka-s-oknom-ili-bez-okna-12-kapkejkov-362511-sm","status":"publish","type":"product","link":"https:\/\/anplast.md\/ro\/produs\/korobochka-s-oknom-ili-bez-okna-12-kapkejkov-362511-sm\/","title":{"rendered":"36*25*11cm (12 cupcakes\/tort cu figurine)"},"content":{"rendered":"<p>Cutie cu sau fara fereastra transparenta pentru 12 CUPCAKES, SETURI DULCI, TORTE, TARTE, TORTI, pentru orice cadouri, indiferent de ce \u00eempachetezi, produsul tau va fi vizibil printr-o fereastra transparenta din BIO PP<\/p>\n<p>V\u0103 rug\u0103m s\u0103 re\u021bine\u021bi: inser\u021bia pentru 12 cupcakes \u0219i baza de tort nu sunt incluse \u00een pre\u021b, VANDUSE SEPARAT<\/p>\n<p>Culori posibile: ALB, MARO, NEGRU SAU LA COMANDA DE LA 2000 buc. ORICE ALTA CULOARE<\/p>\n<p>M\u0103rimea:<\/p>\n<p>Lungime: 25 cm<\/p>\n<p>Latime: 25 cm<\/p>\n<p>Inaltime: 9 cm<\/p>\n<p>Op\u021bional: oferim un insert pentru 12 cupcakes \u0219i un covora\u0219 pentru tort pentru un COST SUPLIMENTAR<\/p>\n<p>Pentru comenzile incepand de la 2000 buc este posibila personalizarea, printarea pe cutie dupa schita, logo-ul dumneavoastra, informatii despre produs, descriere sau instructiuni<\/p>\n<p>PENTRU INFORMA\u021aII SUPLIMENTARE SUNAL\u0102 la +37379777129<\/p>","protected":false},"excerpt":{"rendered":"<p>cutie mic\u0103 cu sau f\u0103r\u0103 fereastr\u0103 transparent\u0103 din carton stratificat \u0219i ondulat<\/p>","protected":false},"featured_media":15911,"template":"","meta":[],"product_brand":[],"product_cat":[71],"product_tag":[],"class_list":{"0":"post-16145","1":"product","2":"type-product","3":"status-publish","4":"has-post-thumbnail","6":"product_cat-71","8":"first","9":"instock","10":"shipping-taxable","11":"purchasable","12":"product-type-simple"},"_links":{"self":[{"href":"https:\/\/anplast.md\/ro\/wp-json\/wp\/v2\/product\/16145","targetHints":{"allow":["GET"]}}],"collection":[{"href":"https:\/\/anplast.md\/ro\/wp-json\/wp\/v2\/product"}],"about":[{"href":"https:\/\/anplast.md\/ro\/wp-json\/wp\/v2\/types\/product"}],"version-history":[{"count":0,"href":"https:\/\/anplast.md\/ro\/wp-json\/wp\/v2\/product\/16145\/revisions"}],"wp:featuredmedia":[{"embeddable":true,"href":"https:\/\/anplast.md\/ro\/wp-json\/wp\/v2\/media\/15911"}],"wp:attachment":[{"href":"https:\/\/anplast.md\/ro\/wp-json\/wp\/v2\/media?parent=16145"}],"wp:term":[{"taxonomy":"product_brand","embeddable":true,"href":"https:\/\/anplast.md\/ro\/wp-json\/wp\/v2\/product_brand?post=16145"},{"taxonomy":"product_cat","embeddable":true,"href":"https:\/\/anplast.md\/ro\/wp-json\/wp\/v2\/product_cat?post=16145"},{"taxonomy":"product_tag","embeddable":true,"href":"https:\/\/anplast.md\/ro\/wp-json\/wp\/v2\/product_tag?post=16145"}],"curies":[{"name":"wp","href":"https:\/\/api.w.org\/{rel}","templated":true}]}}