{"id":16139,"date":"2023-10-27T16:06:37","date_gmt":"2023-10-27T16:06:37","guid":{"rendered":"https:\/\/anplast.md\/?post_type=product&#038;p=16139"},"modified":"2023-11-18T14:16:10","modified_gmt":"2023-11-18T14:16:10","slug":"korobochka-s-oknom-4-kapkejka-bento-17179-sm-2","status":"publish","type":"product","link":"https:\/\/anplast.md\/ro\/produs\/korobochka-s-oknom-4-kapkejka-bento-17179-sm-2\/","title":{"rendered":"17*17*9cm (4 cupcakes sau tort bento)"},"content":{"rendered":"<p>Cutie cu sau fara fereastra transparenta pentru 4 CUPCAKES, BENTO CAKE, TORTI, MIERE, pentru orice cadouri, indiferent de ce ati impachetat, produsul dumneavoastra va fi vizibil prin fereastra transparenta din BIO PP<\/p>\n<p>V\u0103 rug\u0103m s\u0103 re\u021bine\u021bi: inser\u021bia pentru 4 cupcakes nu este inclus\u0103 \u00een pre\u021b, V\u00c2NDUT SEPARAT<\/p>\n<p>Culori posibile: ALB, MARO, SAU LA COMANDA DE LA 2000 buc. ORICE ALTA CULOARE<\/p>\n<p>M\u0103rimea:<\/p>\n<p>Lungime: 17 cm<\/p>\n<p>Latime: 17 cm<\/p>\n<p>Inaltime: 9 cm<\/p>\n<p>Op\u021bional: oferim un insert pentru 4 cupcakes, la un COST SUPLIMENTAR<\/p>\n<p>Pentru comenzile incepand de la 2000 buc este posibila personalizarea, printarea pe cutie dupa schita, logo-ul dumneavoastra, informatii despre produs, descriere sau instructiuni<\/p>\n<p>PENTRU INFORMA\u021aII SUPLIMENTARE SUNAL\u0102 la +37379777129<\/p>","protected":false},"excerpt":{"rendered":"<p>cutie mic\u0103 cu sau f\u0103r\u0103 fereastr\u0103 transparent\u0103 din carton stratificat \u0219i ondulat<\/p>","protected":false},"featured_media":15969,"template":"","meta":[],"product_brand":[],"product_cat":[71],"product_tag":[],"class_list":{"0":"post-16139","1":"product","2":"type-product","3":"status-publish","4":"has-post-thumbnail","6":"product_cat-71","8":"first","9":"instock","10":"shipping-taxable","11":"purchasable","12":"product-type-simple"},"_links":{"self":[{"href":"https:\/\/anplast.md\/ro\/wp-json\/wp\/v2\/product\/16139","targetHints":{"allow":["GET"]}}],"collection":[{"href":"https:\/\/anplast.md\/ro\/wp-json\/wp\/v2\/product"}],"about":[{"href":"https:\/\/anplast.md\/ro\/wp-json\/wp\/v2\/types\/product"}],"version-history":[{"count":0,"href":"https:\/\/anplast.md\/ro\/wp-json\/wp\/v2\/product\/16139\/revisions"}],"wp:featuredmedia":[{"embeddable":true,"href":"https:\/\/anplast.md\/ro\/wp-json\/wp\/v2\/media\/15969"}],"wp:attachment":[{"href":"https:\/\/anplast.md\/ro\/wp-json\/wp\/v2\/media?parent=16139"}],"wp:term":[{"taxonomy":"product_brand","embeddable":true,"href":"https:\/\/anplast.md\/ro\/wp-json\/wp\/v2\/product_brand?post=16139"},{"taxonomy":"product_cat","embeddable":true,"href":"https:\/\/anplast.md\/ro\/wp-json\/wp\/v2\/product_cat?post=16139"},{"taxonomy":"product_tag","embeddable":true,"href":"https:\/\/anplast.md\/ro\/wp-json\/wp\/v2\/product_tag?post=16139"}],"curies":[{"name":"wp","href":"https:\/\/api.w.org\/{rel}","templated":true}]}}