{"id":16138,"date":"2023-10-27T16:06:37","date_gmt":"2023-10-27T16:06:37","guid":{"rendered":"https:\/\/anplast.md\/?post_type=product&#038;p=16138"},"modified":"2023-11-18T12:21:17","modified_gmt":"2023-11-18T12:21:17","slug":"korobochka-bez-okna-20207","status":"publish","type":"product","link":"https:\/\/anplast.md\/ro\/produs\/korobochka-bez-okna-20207\/","title":{"rendered":"20*20*7 cm"},"content":{"rendered":"<p>O cutie f\u0103r\u0103 fereastr\u0103 pentru ECLAIRS, ZERHFIRS, BEZELE, TARTE, PR\u0102JURI, PR\u0102JURI, pentru orice cadouri<\/p>\n<p>V\u0103 rug\u0103m s\u0103 re\u021bine\u021bi: snururile \u0219i suportul pentru tort nu sunt incluse \u0219i se vand SEPARAT<\/p>\n<p>Culori posibile: ALB, MARO, SAU LA COMANDA DE LA 2000 buc. ORICE ALTA CULOARE<\/p>\n<p>M\u0103rimea:<\/p>\n<p>Lungime: 20 cm<\/p>\n<p>Latime: 20 cm<\/p>\n<p>Inaltime: 7 cm<\/p>\n<p>Op\u021bional: oferim un covora\u0219 pentru tort pentru un COSTUL SUPLIMENTAR<\/p>\n<p>Pentru comenzile incepand de la 2000 buc este posibila personalizarea, printarea pe cutie dupa schita, logo-ul dumneavoastra, informatii despre produs, descriere sau instructiuni<\/p>\n<p>PENTRU INFORMA\u021aII SUPLIMENTARE SUNAL\u0102 la +37379777129<\/p>","protected":false},"excerpt":{"rendered":"<p>cutie mic\u0103 f\u0103r\u0103 fereastr\u0103 din carton stratificat sau ondulat<\/p>","protected":false},"featured_media":15963,"template":"","meta":[],"product_brand":[],"product_cat":[71],"product_tag":[],"class_list":{"0":"post-16138","1":"product","2":"type-product","3":"status-publish","4":"has-post-thumbnail","6":"product_cat-71","8":"first","9":"instock","10":"shipping-taxable","11":"purchasable","12":"product-type-simple"},"_links":{"self":[{"href":"https:\/\/anplast.md\/ro\/wp-json\/wp\/v2\/product\/16138","targetHints":{"allow":["GET"]}}],"collection":[{"href":"https:\/\/anplast.md\/ro\/wp-json\/wp\/v2\/product"}],"about":[{"href":"https:\/\/anplast.md\/ro\/wp-json\/wp\/v2\/types\/product"}],"version-history":[{"count":0,"href":"https:\/\/anplast.md\/ro\/wp-json\/wp\/v2\/product\/16138\/revisions"}],"wp:featuredmedia":[{"embeddable":true,"href":"https:\/\/anplast.md\/ro\/wp-json\/wp\/v2\/media\/15963"}],"wp:attachment":[{"href":"https:\/\/anplast.md\/ro\/wp-json\/wp\/v2\/media?parent=16138"}],"wp:term":[{"taxonomy":"product_brand","embeddable":true,"href":"https:\/\/anplast.md\/ro\/wp-json\/wp\/v2\/product_brand?post=16138"},{"taxonomy":"product_cat","embeddable":true,"href":"https:\/\/anplast.md\/ro\/wp-json\/wp\/v2\/product_cat?post=16138"},{"taxonomy":"product_tag","embeddable":true,"href":"https:\/\/anplast.md\/ro\/wp-json\/wp\/v2\/product_tag?post=16138"}],"curies":[{"name":"wp","href":"https:\/\/api.w.org\/{rel}","templated":true}]}}