{"id":16126,"date":"2023-10-27T16:06:37","date_gmt":"2023-10-27T16:06:37","guid":{"rendered":"https:\/\/anplast.md\/?post_type=product&#038;p=16126"},"modified":"2023-11-18T14:15:30","modified_gmt":"2023-11-18T14:15:30","slug":"korobochka-s-oknom-dlya-ruleta-bolshogo-311610-sm","status":"publish","type":"product","link":"https:\/\/anplast.md\/ro\/produs\/korobochka-s-oknom-dlya-ruleta-bolshogo-311610-sm\/","title":{"rendered":"31*16*10cm (pentru o rol\u0103 mare)"},"content":{"rendered":"<p>O cutie cu sau fara fereastra transparenta pentru ROLA, PRATITURI, PPUPUSI, JUCARIERI, PREZENTA O STICLA DE SAAMPANIE SI O CUTIE DE BOMBONE, pentru orice cadouri, indiferent de ce ati impachetat, produsul dumneavoastra va fi vizibil prin fereastra transparenta din BIO. PP<\/p>\n<p>Atentie: covorasul nu este inclus in pret, VANDUT SEPARAT<\/p>\n<p>Culori posibile: ALB, MARO, SAU LA COMANDA DE LA 2000 buc. ORICE ALTA CULOARE<\/p>\n<p>M\u0103rimea:<\/p>\n<p>Lungime: 31 cm<\/p>\n<p>Latime: 16 cm<\/p>\n<p>Inaltime: 10 cm<\/p>\n<p>Op\u021bional: oferim suport pentru rol\u0103, pentru un COST SUPLIMENTAR<\/p>\n<p>Pentru comenzile incepand de la 2000 buc este posibila personalizarea, printarea pe cutie dupa schita, logo-ul dumneavoastra, informatii despre produs, descriere sau instructiuni<\/p>\n<p>PENTRU INFORMA\u021aII SUPLIMENTARE SUNAL\u0102 la +37379777129<\/p>","protected":false},"excerpt":{"rendered":"<p>cutie mic\u0103 cu sau f\u0103r\u0103 fereastr\u0103 transparent\u0103 din carton stratificat \u0219i ondulat<\/p>","protected":false},"featured_media":15946,"template":"","meta":[],"product_brand":[],"product_cat":[71],"product_tag":[],"class_list":{"0":"post-16126","1":"product","2":"type-product","3":"status-publish","4":"has-post-thumbnail","6":"product_cat-71","8":"first","9":"instock","10":"shipping-taxable","11":"purchasable","12":"product-type-simple"},"_links":{"self":[{"href":"https:\/\/anplast.md\/ro\/wp-json\/wp\/v2\/product\/16126","targetHints":{"allow":["GET"]}}],"collection":[{"href":"https:\/\/anplast.md\/ro\/wp-json\/wp\/v2\/product"}],"about":[{"href":"https:\/\/anplast.md\/ro\/wp-json\/wp\/v2\/types\/product"}],"version-history":[{"count":0,"href":"https:\/\/anplast.md\/ro\/wp-json\/wp\/v2\/product\/16126\/revisions"}],"wp:featuredmedia":[{"embeddable":true,"href":"https:\/\/anplast.md\/ro\/wp-json\/wp\/v2\/media\/15946"}],"wp:attachment":[{"href":"https:\/\/anplast.md\/ro\/wp-json\/wp\/v2\/media?parent=16126"}],"wp:term":[{"taxonomy":"product_brand","embeddable":true,"href":"https:\/\/anplast.md\/ro\/wp-json\/wp\/v2\/product_brand?post=16126"},{"taxonomy":"product_cat","embeddable":true,"href":"https:\/\/anplast.md\/ro\/wp-json\/wp\/v2\/product_cat?post=16126"},{"taxonomy":"product_tag","embeddable":true,"href":"https:\/\/anplast.md\/ro\/wp-json\/wp\/v2\/product_tag?post=16126"}],"curies":[{"name":"wp","href":"https:\/\/api.w.org\/{rel}","templated":true}]}}