{"id":16110,"date":"2023-10-27T16:06:38","date_gmt":"2023-10-27T16:06:38","guid":{"rendered":"https:\/\/anplast.md\/?post_type=product&#038;p=16110"},"modified":"2023-11-17T12:29:37","modified_gmt":"2023-11-17T12:29:37","slug":"korobochka-10103sm","status":"publish","type":"product","link":"https:\/\/anplast.md\/ro\/produs\/korobochka-10103sm\/","title":{"rendered":"10*10*3 cm"},"content":{"rendered":"<p>O cutie cu fereastra transparenta pentru BOMBONELE, BIJUTERII, LANTURILE, FRUCTE SECATE, NUCI, LUMANARI, FAGURES, pentru orice cadouri, indiferent de ce ati impachetat, produsul dumneavoastra va fi vizibil prin fereastra transparenta din BIO PP.<\/p>\n<p>Culori posibile: ALB, MARO, TURCOAZ, ROZ, NEGRU SAU LA COMANDA DE LA 2000 buc. ORICE ALTA CULOARE<\/p>\n<p>M\u0103rimea:<\/p>\n<p>Lungime: 10 cm<\/p>\n<p>Latime: 10 cm<\/p>\n<p>Inaltime: 3 cm<\/p>\n<p>Op\u021bional: oferim separatoare pentru bomboane \u00een 4 p\u0103r\u021bi, la un COST SUPLIMENTAR<\/p>\n<p>Pentru comenzile incepand de la 2000 buc este posibila personalizarea, printarea pe cutie dupa schita, logo-ul dumneavoastra, informatii despre produs, descriere sau instructiuni<\/p>\n<p>PENTRU INFORMA\u021aII SUPLIMENTARE SUNAL\u0102 la +37379777129<\/p>","protected":false},"excerpt":{"rendered":"<p>cutie mic\u0103 cu o fereastr\u0103 transparent\u0103 din carton stratificat<\/p>","protected":false},"featured_media":15924,"template":"","meta":[],"product_brand":[],"product_cat":[71],"product_tag":[],"class_list":{"0":"post-16110","1":"product","2":"type-product","3":"status-publish","4":"has-post-thumbnail","6":"product_cat-71","8":"first","9":"instock","10":"shipping-taxable","11":"purchasable","12":"product-type-simple"},"_links":{"self":[{"href":"https:\/\/anplast.md\/ro\/wp-json\/wp\/v2\/product\/16110","targetHints":{"allow":["GET"]}}],"collection":[{"href":"https:\/\/anplast.md\/ro\/wp-json\/wp\/v2\/product"}],"about":[{"href":"https:\/\/anplast.md\/ro\/wp-json\/wp\/v2\/types\/product"}],"version-history":[{"count":0,"href":"https:\/\/anplast.md\/ro\/wp-json\/wp\/v2\/product\/16110\/revisions"}],"wp:featuredmedia":[{"embeddable":true,"href":"https:\/\/anplast.md\/ro\/wp-json\/wp\/v2\/media\/15924"}],"wp:attachment":[{"href":"https:\/\/anplast.md\/ro\/wp-json\/wp\/v2\/media?parent=16110"}],"wp:term":[{"taxonomy":"product_brand","embeddable":true,"href":"https:\/\/anplast.md\/ro\/wp-json\/wp\/v2\/product_brand?post=16110"},{"taxonomy":"product_cat","embeddable":true,"href":"https:\/\/anplast.md\/ro\/wp-json\/wp\/v2\/product_cat?post=16110"},{"taxonomy":"product_tag","embeddable":true,"href":"https:\/\/anplast.md\/ro\/wp-json\/wp\/v2\/product_tag?post=16110"}],"curies":[{"name":"wp","href":"https:\/\/api.w.org\/{rel}","templated":true}]}}