{"id":4400,"date":"2021-10-12T15:51:09","date_gmt":"2021-10-12T15:51:09","guid":{"rendered":"http:\/\/dummy.xtemos.com\/woodmart2\/elementor\/?page_id=4400"},"modified":"2023-10-27T14:48:53","modified_gmt":"2023-10-27T14:48:53","slug":"about-us-3","status":"publish","type":"page","link":"https:\/\/anplast.md\/ro\/about-us-3\/","title":{"rendered":"Despre noi"},"content":{"rendered":"<div data-elementor-type=\"wp-page\" data-elementor-id=\"4400\" class=\"elementor elementor-4400\">\n\t\t\t\t\t\t<section class=\"elementor-section elementor-top-section elementor-element elementor-element-a885edf elementor-section-content-middle elementor-section-boxed elementor-section-height-default elementor-section-height-default wd-section-disabled\" data-id=\"a885edf\" data-element_type=\"section\">\n\t\t\t\t\t\t<div class=\"elementor-container elementor-column-gap-default\">\n\t\t\t\t\t<div class=\"elementor-column elementor-col-100 elementor-top-column elementor-element elementor-element-2a580d5\" data-id=\"2a580d5\" data-element_type=\"column\">\n\t\t\t<div class=\"elementor-widget-wrap elementor-element-populated\">\n\t\t\t\t\t\t<div class=\"elementor-element elementor-element-80fadfe elementor-widget elementor-widget-wd_title\" data-id=\"80fadfe\" data-element_type=\"widget\" data-widget_type=\"wd_title.default\">\n\t\t\t\t<div class=\"elementor-widget-container\">\n\t\t\t\t\t\t\t<div class=\"title-wrapper set-mb-s reset-last-child wd-title-color-primary wd-title-style-simple wd-title-size-default text-center\">\n\n\t\t\t\n\t\t\t<div class=\"liner-continer\">\n\t\t\t\t<h4 class=\"woodmart-title-container title wd-fontsize-l\">Despre noi<\/h4> \n\t\t\t\t\t\t\t<\/div>\n\n\t\t\t\t\t\t\t<div class=\"title-after_title set-cont-mb-s reset-last-child wd-fontsize-xs\">\n\t\t\t\t\t<p>Compania noastr\u0103 a fost \u00eenfiin\u021bat\u0103 \u00een 2018, iar de 5 ani \u00eencoace nu doar c\u0103 ne-am a\u0219ezat pe pia\u021b\u0103, ci continu\u0103m s\u0103 ne dezvolt\u0103m, \u021bin\u00e2nd cont de nevoile oamenilor moderni. De la \u00eenfiin\u021bare, compania noastr\u0103 s-a angajat \u00een produc\u021bia \u0219i comer\u021bul cu ridicata de cutii \u0219i ambalaje de carton, iar p\u00e2n\u0103 \u00een prezent compania, format\u0103 din oameni care au dob\u00e2ndit o vast\u0103 experien\u021b\u0103 \u0219i au devenit speciali\u0219ti \u00een domeniul lor, lucreaz\u0103 la produc\u021bia de -ambalaj de calitate si variat. Datorit\u0103 echipamentelor de ultim\u0103 or\u0103 \u0219i de \u00eenalt\u0103 tehnologie utilizate \u00een produc\u021bia de cutii, clien\u021bii no\u0219tri primesc ambalaje \u00eengrijite \u0219i de \u00eenalt\u0103 calitate.<\/p><p>Fiecare client este important pentru companie, iar speciali\u0219tii companiei monitorizeaz\u0103 \u00eendeaproape tendin\u021bele \u0219i schimb\u0103rile \u00een cererea consumatorului final \u0219i, prin urmare, au organizat \u0219i stabilit\u00a0<strong>produc\u021bia de cutii<\/strong>, putem oferi ambalaje care sunt ergonomice \u0219i atractive pentru gurmanzii moderni. Noi oferim\u00a0<strong>cutii pentru pr\u0103jituri \u0219i alte cadouri necesit\u0103 en-gros \u0219i am\u0103nuntul de la produc\u0103tor<\/strong>fara a creste preturile. Men\u021binem calitatea \u00eenalt\u0103 a produselor noastre, men\u021bin\u00e2nd \u00een acela\u0219i timp pre\u021buri sc\u0103zute - pre\u021buim clien\u021bii no\u0219tri!<\/p><p>\u0218i merit\u0103 s\u0103 spunem pu\u021bin despre produsele noastre, de ce ar trebui s\u0103 alege\u021bi cutii de carton ondulat pentru un transport de succes \u0219i sigur. \u00cen primul r\u00e2nd\u00a0<strong>cutii de carton <\/strong>ecologice: sunt fabricate din carton \u0219i h\u00e2rtie care pot fi reciclate \u0219i astfel avem grij\u0103 de mediul \u00eenconjur\u0103tor f\u0103r\u0103 a distruge p\u0103duri noi. \u00cen continuare, trebuie s\u0103 \u0219ti\u021bi c\u0103 utilizarea cutiilor este permis\u0103 \u00een industria alimentar\u0103; prin urmare, acestea sunt absolut sigure ca ambalaj pentru alimente. Cutiile din carton ondulat sunt destul de fiabile \u00een ceea ce prive\u0219te protejarea con\u021binutului \u00eempotriva deterior\u0103rii accidentale, deoarece foaia de carton ondulat din care este f\u0103cut\u0103 cutia are o structur\u0103 special\u0103 care este rezistent\u0103 la presiunea exterioar\u0103. Datorit\u0103 tuturor propriet\u0103\u021bilor de mai sus, ambalajele din carton ondulat ocup\u0103 o pozi\u021bie de lider \u00een r\u00e2ndul ambalajelor realizate din alte materiale.<\/p><p>\u0218i pentru a ne asigura c\u0103 clien\u021bii angro sunt mul\u021bumi\u021bi de serviciu, v\u0103 oferim un astfel de serviciu precum comandarea de mostre de cutii gata f\u0103cute sau la comand\u0103 conform schi\u021bei clientului. \u0218i pre\u021buri speciale pentru cantit\u0103\u021bi mari. Pute\u021bi comanda mostre de cutii sun\u00e2nd la +37369777129 sau +37379777129, iar managerii companiei v\u0103 vor ajuta \u00een orice situa\u021bie.<\/p><p>Salut\u0103ri, companie <span>Un<\/span> <span>plast<\/span> <span>Companie<\/span> <span>S.R.L<\/span>!<\/p>\t\t\t\t<\/div>\n\t\t\t\t\t<\/div>\n\t\t\t\t\t\t<\/div>\n\t\t\t\t<\/div>\n\t\t\t\t<div class=\"elementor-element elementor-element-af4576f elementor-widget elementor-widget-wd_button\" data-id=\"af4576f\" data-element_type=\"widget\" data-widget_type=\"wd_button.default\">\n\t\t\t\t<div class=\"elementor-widget-container\">\n\t\t\t\t\t\t\t<div class=\"wd-button-wrapper text-center\" >\n\t\t\t<a class=\"btn btn-style-default btn-style-semi-round btn-size-large btn-color-primary btn-icon-pos-right\"  href=\"\/ro\/contact-us\/\">\n\t\t\t\t<span class=\"wd-btn-text\" data-elementor-setting-key=\"text\">\n\t\t\t\t\tContacte\t\t\t\t<\/span>\n\n\t\t\t\t\t\t\t<\/a>\n\t\t<\/div>\n\t\t\t\t\t\t<\/div>\n\t\t\t\t<\/div>\n\t\t\t\t\t<\/div>\n\t\t<\/div>\n\t\t\t\t\t<\/div>\n\t\t<\/section>\n\t\t\t\t<\/div>","protected":false},"excerpt":{"rendered":"<p>\u041e \u043d\u0430\u0441 \u041d\u0430\u0448\u0430 \u043a\u043e\u043c\u043f\u0430\u043d\u0438\u044f \u0431\u044b\u043b\u0430 \u043e\u0441\u043d\u043e\u0432\u0430\u043d\u0430 \u0432 2018 \u0433\u043e\u0434\u0443, \u0438 \u0443\u0436\u0435 5 \u043b\u0435\u0442 \u043a\u0430\u043a \u043c\u044b \u043d\u0435 \u0442\u043e\u043b\u044c\u043a\u043e \u0443\u043a\u0440\u0435\u043f\u0438\u043b\u0438\u0441\u044c \u043d\u0430 \u0440\u044b\u043d\u043a\u0435,<\/p>","protected":false},"author":1,"featured_media":0,"parent":0,"menu_order":0,"comment_status":"closed","ping_status":"closed","template":"","meta":{"footnotes":""},"class_list":["post-4400","page","type-page","status-publish","hentry"],"_links":{"self":[{"href":"https:\/\/anplast.md\/ro\/wp-json\/wp\/v2\/pages\/4400","targetHints":{"allow":["GET"]}}],"collection":[{"href":"https:\/\/anplast.md\/ro\/wp-json\/wp\/v2\/pages"}],"about":[{"href":"https:\/\/anplast.md\/ro\/wp-json\/wp\/v2\/types\/page"}],"author":[{"embeddable":true,"href":"https:\/\/anplast.md\/ro\/wp-json\/wp\/v2\/users\/1"}],"replies":[{"embeddable":true,"href":"https:\/\/anplast.md\/ro\/wp-json\/wp\/v2\/comments?post=4400"}],"version-history":[{"count":0,"href":"https:\/\/anplast.md\/ro\/wp-json\/wp\/v2\/pages\/4400\/revisions"}],"wp:attachment":[{"href":"https:\/\/anplast.md\/ro\/wp-json\/wp\/v2\/media?parent=4400"}],"curies":[{"name":"wp","href":"https:\/\/api.w.org\/{rel}","templated":true}]}}