{"id":3,"date":"2023-10-25T00:28:55","date_gmt":"2023-10-25T00:28:55","guid":{"rendered":"https:\/\/anplast.md\/?page_id=3"},"modified":"2023-10-27T04:04:26","modified_gmt":"2023-10-27T04:04:26","slug":"privacy-policy","status":"publish","type":"page","link":"https:\/\/anplast.md\/ro\/privacy-policy\/","title":{"rendered":"Politica de confiden\u021bialitate"},"content":{"rendered":"<div data-elementor-type=\"wp-page\" data-elementor-id=\"3\" class=\"elementor elementor-3\">\n\t\t\t\t<div class=\"elementor-element elementor-element-d7b957e e-flex e-con-boxed wd-section-disabled e-con e-parent\" data-id=\"d7b957e\" data-element_type=\"container\">\n\t\t\t\t\t<div class=\"e-con-inner\">\n\t\t\t\t<div class=\"elementor-element elementor-element-31380ae elementor-widget elementor-widget-wd_title\" data-id=\"31380ae\" data-element_type=\"widget\" data-widget_type=\"wd_title.default\">\n\t\t\t\t<div class=\"elementor-widget-container\">\n\t\t\t\t\t\t\t<div class=\"title-wrapper set-mb-s reset-last-child wd-title-color-default wd-title-style-default wd-title-size-default text-center\">\n\n\t\t\t\n\t\t\t<div class=\"liner-continer\">\n\t\t\t\t<h4 class=\"woodmart-title-container title wd-fontsize-l\">Politica de confiden\u021bialitate<\/h4> \n\t\t\t\t\t\t\t<\/div>\n\n\t\t\t\t\t<\/div>\n\t\t\t\t\t\t<\/div>\n\t\t\t\t<\/div>\n\t\t\t\t\t<\/div>\n\t\t\t\t<\/div>\n\t\t<div class=\"elementor-element elementor-element-7b5c50e e-flex e-con-boxed wd-section-disabled e-con e-parent\" data-id=\"7b5c50e\" data-element_type=\"container\">\n\t\t\t\t\t<div class=\"e-con-inner\">\n\t\t\t\t<div class=\"elementor-element elementor-element-e15d4b8 color-scheme-inherit text-left elementor-widget elementor-widget-text-editor\" data-id=\"e15d4b8\" data-element_type=\"widget\" data-widget_type=\"text-editor.default\">\n\t\t\t\t<div class=\"elementor-widget-container\">\n\t\t\t\t\t\t\t\t\t<p>C\u00e2nd naviga\u021bi pe site-ul WWW.ANPLAST.MD, ne furniza\u021bi 2 tipuri de informa\u021bii: informa\u021bii personale pe care le furniza\u021bi atunci c\u00e2nd face\u021bi achizi\u021bii (c\u00e2nd furniza\u021bi informa\u021bii personale despre prenume, prenume, adres\u0103, num\u0103r de telefon etc.) \u0219i informa\u021bii despre utilizarea de c\u0103tre dvs. a site-ului nostru web \u00een timp ce \u00eel naviga\u021bi (informa\u021bii colectate independent prin instrumentele noastre de analiz\u0103.)<\/p>\n<p><b>Informa\u021bii personale\u00a0<\/b><\/p>\n<p>WWW.ANPLAST.MD nu va \u00eemp\u0103rt\u0103\u0219i informa\u021biile pe care le furniza\u021bi cu ter\u021be p\u0103r\u021bi. Informa\u021biile dumneavoastr\u0103 vor fi p\u0103strate confiden\u021biale \u0219i nu vor fi v\u00e2ndute sau schimbate.<br \/>Informa\u021bii de utilizare a site-ului web<br \/>Ca \u0219i alte site-uri web comerciale, WWW.ANPLAST.MD folose\u0219te jurnalele web pentru a colecta informa\u021bii despre modul \u00een care este utilizat site-ul nostru. Informa\u021biile colectate prin cookie-uri \u0219i jurnalele serverului web pot include data \u0219i ora vizitelor, paginile vizualizate, timpul petrecut pe site-ul nostru \u0219i site-urile vizitate chiar \u00eenainte \u0219i dup\u0103 site-ul nostru. Aceste informa\u021bii sunt colectate cumulativ. Niciuna dintre aceste informa\u021bii nu se refer\u0103 la dumneavoastr\u0103 ca persoan\u0103 fizic\u0103 sau ca utilizator individual.<\/p>\n<p><b>Ce arat\u0103 cookie-urile?<\/b><\/p>\n<p>Cookie-urile sunt fi\u0219iere mici care sunt stocate pe computerul dumneavoastr\u0103 atunci c\u00e2nd naviga\u021bi pe site-ul nostru. Folosind informa\u021biile stocate \u00een aceste cookie-uri, site-ul nostru \u00ee\u0219i aminte\u0219te preferin\u021bele atunci c\u00e2nd reveni\u021bi pe site. Astfel site-ul se adapteaz\u0103 mai bine nevoilor dumneavoastr\u0103.<br \/>Dac\u0103 dori\u021bi s\u0103 dezactiva\u021bi cookie-urile, pute\u021bi modifica set\u0103rile browserului, dar v\u0103 sf\u0103tuim c\u0103 acest lucru poate afecta buna func\u021bionare a unor p\u0103r\u021bi importante ale site-ului nostru. Acest lucru poate afecta, de asemenea, furnizarea serviciilor noastre.<\/p>\n<p><b>Utilizarea informa\u021biilor de pe site<\/b><\/p>\n<p>Con\u021binutul acestui site poate fi folosit de dvs. numai \u00een scopuri personale, informa\u021bionale \u0219i\/sau necomerciale \u0219i nu poate fi modificat de dvs. \u00een niciun fel. Cu excep\u021bia celor prev\u0103zute \u00een mod expres aici, nu pute\u021bi utiliza, desc\u0103rca, posta, copia, tip\u0103ri, afi\u0219a, reproduce, licen\u021bia, transfera sau distribui orice informa\u021bie de pe acest site, \u00een \u00eentregime sau par\u021bial, f\u0103r\u0103 acordul prealabil scris al WWW.ANPLAST. MD.<\/p>\n<p><b>Acord<\/b><\/p>\n<p>Prin utilizarea WWW.ANPLAST.MD, sunte\u021bi de acord automat cu colectarea \u0219i utilizarea informa\u021biilor personale, a\u0219a cum este descris \u00een aceast\u0103 politic\u0103 de confiden\u021bialitate. Dac\u0103 ne schimb\u0103m politicile \u0219i procedurile de confiden\u021bialitate, vom publica acele modific\u0103ri pe site-ul nostru web, astfel \u00eenc\u00e2t s\u0103 \u0219ti\u021bi ce informa\u021bii colect\u0103m, cum le folosim \u0219i \u00een ce circumstan\u021be le putem dezv\u0103lui. Dac\u0103 nu sunte\u021bi de acord cu aceste modific\u0103ri, singurul dumneavoastr\u0103 remediu este s\u0103 \u00eenceta\u021bi s\u0103 utiliza\u021bi WWW.ANPLAST.MD.<\/p>\t\t\t\t\t\t\t\t<\/div>\n\t\t\t\t<\/div>\n\t\t\t\t\t<\/div>\n\t\t\t\t<\/div>\n\t\t\t\t<\/div>","protected":false},"excerpt":{"rendered":"<p>\u041f\u043e\u043b\u0438\u0442\u0438\u043a\u0430 \u043a\u043e\u043d\u0444\u0438\u0434\u0435\u043d\u0446\u0438\u0430\u043b\u044c\u043d\u043e\u0441\u0442\u0438 \u041f\u0440\u0438 \u043f\u0440\u043e\u0441\u043c\u043e\u0442\u0440\u0435 \u0432\u0435\u0431-\u0441\u0430\u0439\u0442\u0430 WWW.ANPLAST.MD \u0432\u044b \u043f\u0440\u0435\u0434\u043e\u0441\u0442\u0430\u0432\u043b\u044f\u0435\u0442\u0435 \u043d\u0430\u043c 2 \u0442\u0438\u043f\u0430 \u0438\u043d\u0444\u043e\u0440\u043c\u0430\u0446\u0438\u0438: \u043b\u0438\u0447\u043d\u0443\u044e \u0438\u043d\u0444\u043e\u0440\u043c\u0430\u0446\u0438\u044e, \u043a\u043e\u0442\u043e\u0440\u0443\u044e \u0432\u044b \u043f\u0440\u0435\u0434\u043e\u0441\u0442\u0430\u0432\u043b\u044f\u0435\u0442\u0435 \u043f\u0440\u0438 \u0441\u043e\u0432\u0435\u0440\u0448\u0435\u043d\u0438\u0438 \u043f\u043e\u043a\u0443\u043f\u043e\u043a<\/p>","protected":false},"author":1,"featured_media":0,"parent":0,"menu_order":0,"comment_status":"closed","ping_status":"closed","template":"elementor_canvas","meta":{"footnotes":""},"class_list":["post-3","page","type-page","status-publish","hentry"],"_links":{"self":[{"href":"https:\/\/anplast.md\/ro\/wp-json\/wp\/v2\/pages\/3","targetHints":{"allow":["GET"]}}],"collection":[{"href":"https:\/\/anplast.md\/ro\/wp-json\/wp\/v2\/pages"}],"about":[{"href":"https:\/\/anplast.md\/ro\/wp-json\/wp\/v2\/types\/page"}],"author":[{"embeddable":true,"href":"https:\/\/anplast.md\/ro\/wp-json\/wp\/v2\/users\/1"}],"replies":[{"embeddable":true,"href":"https:\/\/anplast.md\/ro\/wp-json\/wp\/v2\/comments?post=3"}],"version-history":[{"count":0,"href":"https:\/\/anplast.md\/ro\/wp-json\/wp\/v2\/pages\/3\/revisions"}],"wp:attachment":[{"href":"https:\/\/anplast.md\/ro\/wp-json\/wp\/v2\/media?parent=3"}],"curies":[{"name":"wp","href":"https:\/\/api.w.org\/{rel}","templated":true}]}}